{"id":2,"date":"2025-08-27T18:42:00","date_gmt":"2025-08-27T23:42:00","guid":{"rendered":"https:\/\/cerrajerossantcugatdelvalles.org.es\/?page_id=2"},"modified":"2026-02-18T22:16:55","modified_gmt":"2026-02-19T03:16:55","slug":"pagina-ejemplo","status":"publish","type":"page","link":"https:\/\/cerrajerossantcugatdelvalles.org.es\/","title":{"rendered":"Inicio"},"content":{"rendered":"\t\t<div data-elementor-type=\"wp-page\" data-elementor-id=\"2\" class=\"elementor elementor-2\" data-elementor-post-type=\"page\">\n\t\t\t\t\t\t<section class=\"elementor-section elementor-top-section elementor-element elementor-element-5f33cb76 elementor-section-full_width elementor-section-height-default elementor-section-height-default\" data-id=\"5f33cb76\" data-element_type=\"section\" data-settings=\"{&quot;background_background&quot;:&quot;classic&quot;}\">\n\t\t\t\t\t\t<div class=\"elementor-container elementor-column-gap-default\">\n\t\t\t\t\t<div class=\"elementor-column elementor-col-100 elementor-top-column elementor-element elementor-element-18a1f2f2\" data-id=\"18a1f2f2\" data-element_type=\"column\">\n\t\t\t<div class=\"elementor-widget-wrap elementor-element-populated\">\n\t\t\t\t\t\t<div class=\"elementor-element elementor-element-96daf98 elementor-widget elementor-widget-html\" data-id=\"96daf98\" data-element_type=\"widget\" data-widget_type=\"html.default\">\n\t\t\t\t\t<script type=\"application\/ld+json\"> { \"@context\": \"https:\/\/schema.org\", \"@type\": \"Locksmith\", \"name\": \"Cerrajeros Sant Cugat del Vall\u00e8s\", \"url\": \"https:\/\/cerrajerossantcugatdelvalles.org.es\/\", \"priceRange\": \"24\u20ac\", \"telephone\": \"+34605853182\", \"logo\": \"https:\/\/cerrajerossantcugatdelvalles.org.es\/wp-content\/uploads\/2025\/08\/slide1_srcset-large-1024x373-1-1.jpg\", \"image\": \"https:\/\/cerrajerossantcugatdelvalles.org.es\/wp-content\/uploads\/2025\/08\/slide1_srcset-large-1024x373-1-1.jpg\", \"description\": \"Cerrajeros en Sant Cugat del Vall\u00e8s (Barcelona) 24h. Apertura de puertas desde 24\u20ac*, cambio e instalaci\u00f3n de bombines y cerraduras de seguridad. Servicio urgente y de confianza.\", \"address\": { \"@type\": \"PostalAddress\", \"addressLocality\": \"Sant Cugat del Vall\u00e8s\", \"addressRegion\": \"Barcelona\", \"postalCode\": \"08172\", \"addressCountry\": \"ES\" }, \"areaServed\": { \"@type\": \"City\", \"name\": \"Sant Cugat del Vall\u00e8s\" }, \"openingHoursSpecification\": [{ \"@type\": \"OpeningHoursSpecification\", \"dayOfWeek\": [ \"Monday\", \"Tuesday\", \"Wednesday\", \"Thursday\", \"Friday\", \"Saturday\", \"Sunday\" ], \"opens\": \"00:00\", \"closes\": \"23:59\" }], \"contactPoint\": { \"@type\": \"ContactPoint\", \"telephone\": \"+34605853182\", \"contactType\": \"customer service\", \"areaServed\": \"ES\" } } <\/script> <script type=\"application\/ld+json\"> { \"@context\": \"https:\/\/schema.org\", \"@type\": \"Service\", \"serviceType\": \"Servicios de cerrajer\u00eda en Sant Cugat del Vall\u00e8s\", \"provider\": { \"@type\": \"Locksmith\", \"name\": \"Cerrajeros Sant Cugat del Vall\u00e8s\", \"url\": \"https:\/\/cerrajerossantcugatdelvalles.org.es\/\", \"priceRange\": \"24\u20ac\", \"telephone\": \"+34605853182\", \"logo\": \"https:\/\/cerrajerossantcugatdelvalles.org.es\/wp-content\/uploads\/2025\/08\/slide1_srcset-large-1024x373-1-1.jpg\", \"image\": \"https:\/\/cerrajerossantcugatdelvalles.org.es\/wp-content\/uploads\/2025\/08\/slide1_srcset-large-1024x373-1-1.jpg\", \"address\": { \"@type\": \"PostalAddress\", \"addressLocality\": \"Sant Cugat del Vall\u00e8s\", \"addressRegion\": \"Barcelona\", \"postalCode\": \"08172\", \"addressCountry\": \"ES\" } }, \"areaServed\": { \"@type\": \"City\", \"name\": \"Sant Cugat del Vall\u00e8s\" }, \"hasOfferCatalog\": { \"@type\": \"OfferCatalog\", \"name\": \"Servicios de cerrajer\u00eda\", \"itemListElement\": [ { \"@type\": \"OfferCatalog\", \"name\": \"Apertura de puertas\", \"itemListElement\": [ { \"@type\": \"Offer\", \"itemOffered\": { \"@type\": \"Service\", \"name\": \"Apertura de puertas residenciales\" } }, { \"@type\": \"Offer\", \"itemOffered\": { \"@type\": \"Service\", \"name\": \"Apertura de puertas comerciales\" } }, { \"@type\": \"Offer\", \"itemOffered\": { \"@type\": \"Service\", \"name\": \"Apertura de puertas de coches en Sant Cugat del Vall\u00e8s\" } } ] }, { \"@type\": \"OfferCatalog\", \"name\": \"Cambio de cerraduras\", \"itemListElement\": [ { \"@type\": \"Offer\", \"itemOffered\": { \"@type\": \"Service\", \"name\": \"Cambio e instalaci\u00f3n de bombines de seguridad\" } }, { \"@type\": \"Offer\", \"itemOffered\": { \"@type\": \"Service\", \"name\": \"Venta e instalaci\u00f3n de cerraduras\" } }, { \"@type\": \"Offer\", \"itemOffered\": { \"@type\": \"Service\", \"name\": \"Copias de llaves\" } } ] } ] } } <\/script>\t\t\t\t<\/div>\n\t\t\t\t<section class=\"elementor-section elementor-inner-section elementor-element elementor-element-416aac9c elementor-section-full_width elementor-section-height-default elementor-section-height-default\" data-id=\"416aac9c\" data-element_type=\"section\">\n\t\t\t\t\t\t<div class=\"elementor-container elementor-column-gap-default\">\n\t\t\t\t\t<div class=\"elementor-column elementor-col-50 elementor-inner-column elementor-element elementor-element-1d55ba9e\" data-id=\"1d55ba9e\" data-element_type=\"column\">\n\t\t\t<div class=\"elementor-widget-wrap elementor-element-populated\">\n\t\t\t\t\t\t<div class=\"elementor-element elementor-element-22f07f14 elementor-widget elementor-widget-image\" data-id=\"22f07f14\" data-element_type=\"widget\" data-widget_type=\"image.default\">\n\t\t\t\t\t\t\t\t\t\t\t\t\t\t\t<img fetchpriority=\"high\" decoding=\"async\" width=\"800\" height=\"291\" src=\"https:\/\/cerrajerossantcugatdelvalles.org.es\/wp-content\/uploads\/2025\/08\/slide1_srcset-large-1024x373-1-1.jpg\" class=\"attachment-large size-large wp-image-26\" alt=\"cerrajeros abriendo una puerta\" srcset=\"https:\/\/cerrajerossantcugatdelvalles.org.es\/wp-content\/uploads\/2025\/08\/slide1_srcset-large-1024x373-1-1.jpg 1024w, https:\/\/cerrajerossantcugatdelvalles.org.es\/wp-content\/uploads\/2025\/08\/slide1_srcset-large-1024x373-1-1-300x109.jpg 300w, https:\/\/cerrajerossantcugatdelvalles.org.es\/wp-content\/uploads\/2025\/08\/slide1_srcset-large-1024x373-1-1-768x280.jpg 768w\" sizes=\"(max-width: 800px) 100vw, 800px\" \/>\t\t\t\t\t\t\t\t\t\t\t\t\t\t\t<\/div>\n\t\t\t\t<div class=\"elementor-element elementor-element-53385023 elementor-align-center btn-llamada elementor-widget elementor-widget-button\" data-id=\"53385023\" data-element_type=\"widget\" data-widget_type=\"button.default\">\n\t\t\t\t\t\t\t\t\t\t<a class=\"elementor-button elementor-button-link elementor-size-lg\" href=\"tel:605853182\">\n\t\t\t\t\t\t<span class=\"elementor-button-content-wrapper\">\n\t\t\t\t\t\t\t\t\t<span class=\"elementor-button-text\">Llame ahora al 605 853 182<\/span>\n\t\t\t\t\t<\/span>\n\t\t\t\t\t<\/a>\n\t\t\t\t\t\t\t\t<\/div>\n\t\t\t\t<div class=\"elementor-element elementor-element-56cd7c02 elementor-widget elementor-widget-text-editor\" data-id=\"56cd7c02\" data-element_type=\"widget\" data-widget_type=\"text-editor.default\">\n\t\t\t\t\t\t\t\t\t<p>Los cerrajeros Sant Cugat del Valles ofrecemos servicios de cerrajer\u00eda las 24 horas del d\u00eda, para cualquier urgencia que se te pueda presentar con tus cerraduras, llaves, cajas de seguridad y otros. Asimismo, ofrecemos servicios de instalaci\u00f3n y asesor\u00eda si deseas hacer una actualizaci\u00f3n de tu sistema de seguridad. Un reto com\u00fan al que nos enfrentamos los cerrajeros es la apertura de puertas por p\u00e9rdida de llaves, en ese sentido ofrecemos el servicio m\u00e1s eficiente y seguro. Nuestros cerrajeros atienden r\u00e1pidamente, podemos llegar a tu casa en menos de 30 minutos.<\/p>\n<h2>Esto es lo que ofrecemos a nuestros clientes en Sant Cugat del Vall\u00e9s:<\/h2>\n<ul>\n<li>Profesionales de la cerrajer\u00eda altamente capacitados y de mucha confianza, para brindar calidad de servicio.<\/li>\n<li>Trabajo garantizado. Contamos con las mejores herramientas y cerraduras del mercado.<\/li>\n<li>Realizamos todos los servicios relacionados con cerraduras de puertas, ventanas, cajas de seguridad y m\u00e1s.<\/li>\n<li>Servicios las 24 horas del d\u00eda, para cualquier eventualidad que se te pueda presentar con tus llaves y cerraduras.<\/li>\n<li>Manejo de las mejores y m\u00e1s seguras marcas de cerraduras, bombines, candados y otros.<\/li>\n<li>A los mejores precios que puedas conseguir; un servicio de calidad y profesionalismo.<\/li>\n<\/ul>\n<h2>Cerrajeros Sant Cugat Baratos<\/h2>\n<p>Ofrecemos la mejor relaci\u00f3n calidad-precio. Nuestros cerrajeros en Sant Cugat est\u00e1n altamente capacitado, saben de su oficio y puede hacer aperturas sin causar da\u00f1os innecesarios. Comparados con otras empresas de cerrajer\u00eda, nuestros servicios son baratos porque apostamos al precio justo por el trabajo realizado. Nuestros profesionales evaluar\u00e1n la situaci\u00f3n y realizar\u00e1n el servicio de forma asertiva. Muchas veces, ser\u00e1 preferible invertir m\u00e1s una sola vez, que tener que hacer peque\u00f1as inversiones peri\u00f3dicas.<\/p>\n<h2>Cerrajeros 24 Horas Sant Cugat<\/h2>\n<p>Los cerrajeros urgencias Sant Cugat del Valles estamos disponibles todo el d\u00eda, todos los d\u00edas del a\u00f1o. Estamos comprometidos con servirte cuando m\u00e1s nos necesitas. Nuestros precios a horarios especiales, son muy competitivos.<\/p>\n<h2>Cerrajeros Urgentes Sant Cugat del Valles<\/h2>\n<p>Contamos con un servicio 24 horas los 365 d\u00edas del a\u00f1o, y llegamos a su domicilio en tan solo 30 minutos. Nuestro servicio es r\u00e1pido y eficiente destinado a todos los servicios relacionados con la cerrajer\u00eda en general. Somos especialistas altamente cualificados en el campo de la cerrajer\u00eda. Con nosotros siempre obtendr\u00e1 una soluci\u00f3n r\u00e1pida a sus preguntas. Contamos con un personal altamente capacitado y actualizado convenientemente para la innovaci\u00f3n que se producen en el mundo de la cerrajer\u00eda. Perder las llaves es siempre un inconveniente, sobre todo si no hay nadie que te pueda facilitar una copia y no tienes forma de abrir la puerta, por supuesto no le vas a pegar una patada a la puerta.<\/p>\n<h2>Consulta nuestro servicios<\/h2>\n<h3>Instalaci\u00f3n y apertura de puertas dom\u00e9sticas e industriales en Sant Cugat del Valles<\/h3>\n<p>La puerta que necesitas la instalamos con el mayor profesionalismo<\/p>\n<h3>Cambio de bomb\u00edn o cerraduras en Sant Cugat del Valles<\/h3>\n<p>Las cerraduras y bombines hacen frente a los ataques mal intencionados y protegen tus propiedades. Nosotros los instalamos r\u00e1pidamente y con gran garant\u00eda de calidad.<\/p>\n<h3>Apertura de persianas met\u00e1licas en Sant Cugat del Valles<\/h3>\n<p>Sabemos que un inconveniente con sus persianas puede entorpecer el desarrollo de su d\u00eda<\/p>\n<h3>Amaestramiento de llaves, bombines y cerraduras en Sant Cugat del Valles<\/h3>\n<p>Si tienes muchas llaves, seguro te convenga hacer un amaestramiento. El control de tus recintos es mas sencillo si amaestras el acceso.<\/p>\n<h3>Muelles cierrapuertas en Sant Cugat del Valles<\/h3>\n<p>Instalamos una amplia variedad de accesorios para sus puertas.<\/p>\n<!-- \/wp:paragraph -->\n<p>abajo.<\/p>\n<!-- \/wp:paragraph -->\n\n<!-- wp:paragraph -->\n<p><a href=\"https:\/\/cerrajeros24hterrassa.es\/\" target=\"_blank\" rel=\"noreferrer noopener\">Cerrajeros profesionales en Tarrasa<\/a><\/p>\n<!-- \/wp:paragraph -->\n\t\t\t\t\t\t\t\t<\/div>\n\t\t\t\t\t<\/div>\n\t\t<\/div>\n\t\t\t\t<aside class=\"elementor-column elementor-col-50 elementor-inner-column elementor-element elementor-element-7490dcaa\" data-id=\"7490dcaa\" data-element_type=\"column\">\n\t\t\t<div class=\"elementor-widget-wrap elementor-element-populated\">\n\t\t\t\t\t\t<div class=\"elementor-element elementor-element-230e6d14 elementor-widget elementor-widget-heading\" data-id=\"230e6d14\" data-element_type=\"widget\" data-widget_type=\"heading.default\">\n\t\t\t\t\t<h2 class=\"elementor-heading-title elementor-size-default\">\u00a1Con\u00f3cenos!<\/h2>\t\t\t\t<\/div>\n\t\t\t\t<div class=\"elementor-element elementor-element-737e84f5 elementor-widget elementor-widget-text-editor\" data-id=\"737e84f5\" data-element_type=\"widget\" data-widget_type=\"text-editor.default\">\n\t\t\t\t\t\t\t\t\t<p>Trabajamos incansablemente para ofrecer servicios de calidad, de la mano de profesionales, a los mejores precios en Sant Cugat del Vall\u00e9s, Barcelona.<\/p><p>Nuestros profesionales buscan exceder las expectativas del cliente y lo logran usando t\u00e9cnicas, equipos y materiales de las mejores calidades<\/p>\t\t\t\t\t\t\t\t<\/div>\n\t\t\t\t<div class=\"elementor-element elementor-element-20afe588 elementor-widget elementor-widget-heading\" data-id=\"20afe588\" data-element_type=\"widget\" data-widget_type=\"heading.default\">\n\t\t\t\t\t<h2 class=\"elementor-heading-title elementor-size-default\">\u00a1Nuestros servicios!<\/h2>\t\t\t\t<\/div>\n\t\t\t\t<div class=\"elementor-element elementor-element-7aff0d20 elementor-widget elementor-widget-text-editor\" data-id=\"7aff0d20\" data-element_type=\"widget\" data-widget_type=\"text-editor.default\">\n\t\t\t\t\t\t\t\t\t<p>Apertura de puertas dom\u00e9sticas<\/p>\n<p>Apertura de puertas comerciales<\/p>\n<p>Apertura de puerta de coches<\/p>\n<p>Reemplazo de bombines y cerraduras<\/p>\n<p>Reparaci\u00f3n de bombines y cerraduras<\/p>\n<p>Instalaci\u00f3n de dispositivos de seguridad<\/p>\n<p>Instalaci\u00f3n de dispositivos de control de acceso<\/p>\n<p>Amaestramiento e igualaci\u00f3n<\/p>\n<p>Servicios para comunidades de vecinos<\/p>\t\t\t\t\t\t\t\t<\/div>\n\t\t\t\t\t<\/div>\n\t\t<\/aside>\n\t\t\t\t\t<\/div>\n\t\t<\/section>\n\t\t\t\t\t<\/div>\n\t\t<\/div>\n\t\t\t\t\t<\/div>\n\t\t<\/section>\n\t\t\t\t<section class=\"elementor-section elementor-top-section elementor-element elementor-element-7bc57d52 elementor-section-boxed elementor-section-height-default elementor-section-height-default\" data-id=\"7bc57d52\" data-element_type=\"section\" data-settings=\"{&quot;background_background&quot;:&quot;classic&quot;}\">\n\t\t\t\t\t\t<div class=\"elementor-container elementor-column-gap-default\">\n\t\t\t\t\t<div class=\"elementor-column elementor-col-100 elementor-top-column elementor-element elementor-element-7d90171c\" data-id=\"7d90171c\" data-element_type=\"column\">\n\t\t\t<div class=\"elementor-widget-wrap elementor-element-populated\">\n\t\t\t\t\t\t<div class=\"elementor-element elementor-element-572c6e72 elementor-widget elementor-widget-heading\" data-id=\"572c6e72\" data-element_type=\"widget\" data-widget_type=\"heading.default\">\n\t\t\t\t\t<p class=\"elementor-heading-title elementor-size-default\">Recuerda que si tienes una urgencia, atendemos 24 horas. Para contratar servicios, consultas y otros, comun\u00edcate a nuestro n\u00famero de tel\u00e9fono.<\/p>\t\t\t\t<\/div>\n\t\t\t\t<div class=\"elementor-element elementor-element-6a1c00c2 elementor-align-center elementor-widget elementor-widget-button\" data-id=\"6a1c00c2\" data-element_type=\"widget\" data-widget_type=\"button.default\">\n\t\t\t\t\t\t\t\t\t\t<a class=\"elementor-button elementor-button-link elementor-size-lg\" href=\"tel:605853182\">\n\t\t\t\t\t\t<span class=\"elementor-button-content-wrapper\">\n\t\t\t\t\t\t\t\t\t<span class=\"elementor-button-text\">Llame ahora al 605 853 182<\/span>\n\t\t\t\t\t<\/span>\n\t\t\t\t\t<\/a>\n\t\t\t\t\t\t\t\t<\/div>\n\t\t\t\t\t<\/div>\n\t\t<\/div>\n\t\t\t\t\t<\/div>\n\t\t<\/section>\n\t\t\t\t<\/div>\n\t\t","protected":false},"excerpt":{"rendered":"<p>Llame ahora al 605 853 182 Los cerrajeros Sant Cugat del Valles ofrecemos servicios de cerrajer\u00eda las 24 horas del d\u00eda, para cualquier urgencia que se te pueda presentar con tus cerraduras, llaves, cajas de seguridad y otros. Asimismo, ofrecemos servicios de instalaci\u00f3n y asesor\u00eda si deseas hacer una actualizaci\u00f3n de tu sistema de seguridad. [&hellip;]<\/p>\n","protected":false},"author":1,"featured_media":0,"parent":0,"menu_order":0,"comment_status":"closed","ping_status":"open","template":"elementor_header_footer","meta":{"footnotes":""},"class_list":["post-2","page","type-page","status-publish","hentry"],"aioseo_notices":[],"_links":{"self":[{"href":"https:\/\/cerrajerossantcugatdelvalles.org.es\/index.php\/wp-json\/wp\/v2\/pages\/2","targetHints":{"allow":["GET"]}}],"collection":[{"href":"https:\/\/cerrajerossantcugatdelvalles.org.es\/index.php\/wp-json\/wp\/v2\/pages"}],"about":[{"href":"https:\/\/cerrajerossantcugatdelvalles.org.es\/index.php\/wp-json\/wp\/v2\/types\/page"}],"author":[{"embeddable":true,"href":"https:\/\/cerrajerossantcugatdelvalles.org.es\/index.php\/wp-json\/wp\/v2\/users\/1"}],"replies":[{"embeddable":true,"href":"https:\/\/cerrajerossantcugatdelvalles.org.es\/index.php\/wp-json\/wp\/v2\/comments?post=2"}],"version-history":[{"count":23,"href":"https:\/\/cerrajerossantcugatdelvalles.org.es\/index.php\/wp-json\/wp\/v2\/pages\/2\/revisions"}],"predecessor-version":[{"id":88,"href":"https:\/\/cerrajerossantcugatdelvalles.org.es\/index.php\/wp-json\/wp\/v2\/pages\/2\/revisions\/88"}],"wp:attachment":[{"href":"https:\/\/cerrajerossantcugatdelvalles.org.es\/index.php\/wp-json\/wp\/v2\/media?parent=2"}],"curies":[{"name":"wp","href":"https:\/\/api.w.org\/{rel}","templated":true}]}}